{"id":2127,"date":"2025-11-26T08:52:45","date_gmt":"2025-11-26T08:52:45","guid":{"rendered":"https:\/\/www.axesome.com\/kvkk-clarification-text\/"},"modified":"2025-11-26T08:58:55","modified_gmt":"2025-11-26T08:58:55","slug":"kvkk-clarification-text","status":"publish","type":"page","link":"https:\/\/www.axesome.com\/en\/kvkk-clarification-text\/","title":{"rendered":"KVKK Clarification Text"},"content":{"rendered":"\t\t<div data-elementor-type=\"wp-page\" data-elementor-id=\"2127\" class=\"elementor elementor-2127 elementor-2116\" data-elementor-post-type=\"page\">\n\t\t\t\t<div class=\"elementor-element elementor-element-45df175 e-flex e-con-boxed e-con e-parent\" data-id=\"45df175\" data-element_type=\"container\" data-e-type=\"container\">\n\t\t\t\t\t<div class=\"e-con-inner\">\n\t\t\t\t<div class=\"elementor-element elementor-element-93e8d87 elementor-widget elementor-widget-text-editor\" data-id=\"93e8d87\" data-element_type=\"widget\" data-e-type=\"widget\" data-widget_type=\"text-editor.default\">\n\t\t\t\t\t\t\t\t\t<p data-path-to-node=\"6\"><b>CLARIFICATION TEXT ON THE PROTECTION AND PROCESSING OF PERSONAL DATA (KVKK)<\/b><\/p><p data-path-to-node=\"7\"><b>1. Data Controller<\/b> Pursuant to the Law on the Protection of Personal Data No. 6698 (\u201cKVKK\u201d), your personal data may be processed by Axesome Biotechnology Cosmetics and Medical Consultancy Import Export Trade Limited Company (\u201cCompany\u201d or \u201c<b>Genoscope<\/b>\u201d) as the data controller within the scope explained below.<\/p><p data-path-to-node=\"8\"><b>2. Purpose of Processing Personal Data <\/b>Your personal data (Identity, Contact, Transaction Information) and <b>Special Categories of Personal Data<\/b> (Health data, skin swab samples, genetic\/genomic analysis results, RNA\/DNA data) are processed for the following purposes:<\/p><ul data-path-to-node=\"9\"><li><p data-path-to-node=\"9,0,0\">Providing the \u201cPersonalized Genomic Skincare\u201d service,<\/p><\/li><li><p data-path-to-node=\"9,1,0\">Analyzing your skin biology at the transcriptomic level to create formulas specific to you (Your Genomic Color),<\/p><\/li><li><p data-path-to-node=\"9,2,0\">Sharing analysis results with your Genoscope Doctor\u2019s Club member physician to manage the treatment\/care process,<\/p><\/li><li><p data-path-to-node=\"9,3,0\">Delivering products and services to you,<\/p><\/li><li><p data-path-to-node=\"9,4,0\">Fulfilling legal obligations and notifying authorized institutions (Ministry of Health, etc.), in accordance with the conditions specified in Articles 5 and 6 of the KVKK.  <\/p><\/li><\/ul><p data-path-to-node=\"10\"><b>3. To Whom and for What Purpose the Processed Personal Data<\/b> May Be Transferred Your collected personal data and genetic analysis results may be transferred to;<\/p><ul data-path-to-node=\"11\"><li><p data-path-to-node=\"11,0,0\">Our contracted laboratory partners for the completion of the analysis process,<\/p><\/li><li><p data-path-to-node=\"11,1,0\">The authorized <b>Genoscope Doctor\u2019s Club<\/b> member physician\/clinic from whom you receive service and follow-up,<\/p><\/li><li><p data-path-to-node=\"11,2,0\">Shipping companies for the execution of logistics processes,<\/p><\/li><li><p data-path-to-node=\"11,3,0\">Legally authorized public institutions and organizations, within the framework of the data transfer conditions specified in Articles 8 and 9 of the KVKK.  <\/p><\/li><\/ul><p data-path-to-node=\"12\"><b>4. Method and Legal Reason for Personal Data Collection<\/b> Your personal data is collected via our website, mobile applications, forms filled out through contracted physicians, and physically collected skin swab samples. These data are processed based on the legal grounds of \u201c<b>Explicit Consent<\/b>\u201d and \u201cNecessity for the establishment or performance of a contract.\u201d Specifically, your genetic data is not processed without your wet-signed or digital <b>Explicit Consent Declaration.<\/b>  <\/p><p data-path-to-node=\"13\">5<b>. Rights of the Data Subject (Article 11)<\/b> Pursuant to Article 11 of the KVKK, data subjects have the right to: <\/p><ul data-path-to-node=\"14\"><li><p data-path-to-node=\"14,0,0\">Learn whether personal data is processed,<\/p><\/li><li><p data-path-to-node=\"14,1,0\">Request information if their personal data has been processed,<\/p><\/li><li><p data-path-to-node=\"14,2,0\">Learn the purpose of processing personal data and whether they are used appropriately,<\/p><\/li><li><p data-path-to-node=\"14,3,0\">Know the third parties to whom personal data are transferred domestically or abroad,<\/p><\/li><li><p data-path-to-node=\"14,4,0\">Request correction of personal data in case of incomplete or incorrect processing,<\/p><\/li><li><p data-path-to-node=\"14,5,0\">Request the deletion or destruction of personal data within the framework of the conditions stipulated in Article 7 of the KVKK. <\/p><\/li><\/ul><p data-path-to-node=\"15\">To exercise these rights, you may submit your request in writing to <b>axesome@gmail.com<\/b> or to <b>Atat\u00fcrk Mah. Ata\u015fehir Bul. 2 Blok Sitesi 55. Ada Manolya 1 No:17B Suite:9 Ata\u015fehir, Istanbul, T\u00fcrkiye.<\/b><\/p>\t\t\t\t\t\t\t\t<\/div>\n\t\t\t\t\t<\/div>\n\t\t\t\t<\/div>\n\t\t\t\t<\/div>\n\t\t","protected":false},"excerpt":{"rendered":"<p>CLARIFICATION TEXT ON THE PROTECTION AND PROCESSING OF PERSONAL DATA (KVKK) 1. Data Controller Pursuant to the Law on the Protection of Personal Data No. 6698 (\u201cKVKK\u201d), your personal data may be processed by Axesome Biotechnology Cosmetics and Medical Consultancy Import Export Trade Limited Company (\u201cCompany\u201d or \u201cGenoscope\u201d) as the data controller within the scope [&hellip;]<\/p>\n","protected":false},"author":1,"featured_media":0,"parent":0,"menu_order":0,"comment_status":"closed","ping_status":"closed","template":"","meta":{"footnotes":""},"class_list":["post-2127","page","type-page","status-publish","hentry"],"_links":{"self":[{"href":"https:\/\/www.axesome.com\/en\/wp-json\/wp\/v2\/pages\/2127","targetHints":{"allow":["GET"]}}],"collection":[{"href":"https:\/\/www.axesome.com\/en\/wp-json\/wp\/v2\/pages"}],"about":[{"href":"https:\/\/www.axesome.com\/en\/wp-json\/wp\/v2\/types\/page"}],"author":[{"embeddable":true,"href":"https:\/\/www.axesome.com\/en\/wp-json\/wp\/v2\/users\/1"}],"replies":[{"embeddable":true,"href":"https:\/\/www.axesome.com\/en\/wp-json\/wp\/v2\/comments?post=2127"}],"version-history":[{"count":1,"href":"https:\/\/www.axesome.com\/en\/wp-json\/wp\/v2\/pages\/2127\/revisions"}],"predecessor-version":[{"id":2128,"href":"https:\/\/www.axesome.com\/en\/wp-json\/wp\/v2\/pages\/2127\/revisions\/2128"}],"wp:attachment":[{"href":"https:\/\/www.axesome.com\/en\/wp-json\/wp\/v2\/media?parent=2127"}],"curies":[{"name":"wp","href":"https:\/\/api.w.org\/{rel}","templated":true}]}}